{"id":226,"date":"2020-02-04T15:13:08","date_gmt":"2020-02-04T15:13:08","guid":{"rendered":"https:\/\/touchup.qodeinteractive.com\/?page_id=226"},"modified":"2025-12-03T06:48:23","modified_gmt":"2025-12-03T06:48:23","slug":"about-us","status":"publish","type":"page","link":"https:\/\/shseya.com\/pt\/about-us\/","title":{"rendered":"Sobre n\u00f3s"},"content":{"rendered":"<div data-elementor-type=\"wp-page\" data-elementor-id=\"226\" class=\"elementor elementor-226\" data-elementor-post-type=\"page\">\n\t\t\t\t\t\t<section class=\"elementor-section elementor-top-section elementor-element elementor-element-6b066565 elementor-section-content-middle elementor-section-boxed elementor-section-height-default elementor-section-height-default qodef-elementor-content-no\" data-id=\"6b066565\" data-element_type=\"section\">\n\t\t\t\t\t\t<div class=\"elementor-container elementor-column-gap-no\">\n\t\t\t\t\t<div class=\"elementor-column elementor-col-50 elementor-top-column elementor-element elementor-element-38d8b70f\" data-id=\"38d8b70f\" data-element_type=\"column\">\n\t\t\t<div class=\"elementor-widget-wrap elementor-element-populated\">\n\t\t\t\t\t\t<div class=\"elementor-element elementor-element-13a8a5f3 elementor-widget elementor-widget-heading\" data-id=\"13a8a5f3\" data-element_type=\"widget\" data-widget_type=\"heading.default\">\n\t\t\t\t\t<h4 class=\"elementor-heading-title elementor-size-default\">Procedimentos especializados<\/h4>\t\t\t\t<\/div>\n\t\t\t\t<div class=\"elementor-element elementor-element-2734e09f elementor-widget elementor-widget-text-editor\" data-id=\"2734e09f\" data-element_type=\"widget\" data-widget_type=\"text-editor.default\">\n\t\t\t\t\t\t\t\t\t<p class=\"my-2 [&amp;+p]:mt-4 [&amp;_strong:has(+br)]:inline-block [&amp;_strong:has(+br)]:pb-2\">O Shanghai Shengya Medical Beauty Hospital est\u00e1 localizado em Xangai, uma metr\u00f3pole internacional com um s\u00e9culo de hist\u00f3ria cultural, no n\u00famero 373 da Panzhong Road, distrito de Qingpu, Xangai. O hospital, com um investimento total de quase 100 milh\u00f5es de yuans, ocupa mais de 8.000 metros quadrados de \u00e1rea constru\u00edda e abriga departamentos que incluem cirurgia pl\u00e1stica, dermatologia est\u00e9tica, odontologia est\u00e9tica, medicina tradicional chinesa est\u00e9tica, anestesiologia e exames m\u00e9dicos, o que o torna uma das poucas institui\u00e7\u00f5es de beleza m\u00e9dica em Xangai qualificada para realizar cirurgias de n\u00edvel IV.<\/p><p class=\"my-2 [&amp;+p]:mt-4 [&amp;_strong:has(+br)]:inline-block [&amp;_strong:has(+br)]:pb-2\">Al\u00e9m disso, o Shanghai Shengya Medical Beauty Hospital \u00e9 o primeiro estabelecimento em Xangai nos \u00faltimos 11 anos a receber aprova\u00e7\u00e3o e qualifica\u00e7\u00e3o para \"tecnologia de cirurgia pl\u00e1stica de contorno do esqueleto facial\". No futuro, o hospital seguir\u00e1 uma dire\u00e7\u00e3o de desenvolvimento focada em \"cirurgia cranio-maxilofacial como prioridade e cirurgia pl\u00e1stica de \u00f3rg\u00e3os de cinco sentidos como o n\u00facleo\", aproveitando continuamente seus departamentos especializados para oferecer aos interessados em beleza servi\u00e7os m\u00e9dicos mais seguros, profissionais e padronizados.<\/p>\t\t\t\t\t\t\t\t<\/div>\n\t\t\t\t\t<\/div>\n\t\t<\/div>\n\t\t\t\t<div class=\"elementor-column elementor-col-50 elementor-top-column elementor-element elementor-element-6c13e1b8\" data-id=\"6c13e1b8\" data-element_type=\"column\">\n\t\t\t<div class=\"elementor-widget-wrap elementor-element-populated\">\n\t\t\t\t\t\t<div class=\"elementor-element elementor-element-0cf2cd2 elementor-widget elementor-widget-image\" data-id=\"0cf2cd2\" data-element_type=\"widget\" data-widget_type=\"image.default\">\n\t\t\t\t\t\t\t\t\t\t\t\t\t\t\t<img fetchpriority=\"high\" decoding=\"async\" width=\"1024\" height=\"543\" src=\"https:\/\/shseya.com\/wp-content\/uploads\/2025\/11\/9988-1024x543.png\" class=\"attachment-large size-large wp-image-9278\" alt=\"\" srcset=\"https:\/\/shseya.com\/wp-content\/uploads\/2025\/11\/9988-1024x543.png 1024w, https:\/\/shseya.com\/wp-content\/uploads\/2025\/11\/9988-300x159.png 300w, https:\/\/shseya.com\/wp-content\/uploads\/2025\/11\/9988-768x407.png 768w, https:\/\/shseya.com\/wp-content\/uploads\/2025\/11\/9988.png 1068w\" sizes=\"(max-width: 1024px) 100vw, 1024px\" \/>\t\t\t\t\t\t\t\t\t\t\t\t\t\t\t<\/div>\n\t\t\t\t\t<\/div>\n\t\t<\/div>\n\t\t\t\t\t<\/div>\n\t\t<\/section>\n\t\t\t\t<section class=\"elementor-section elementor-top-section elementor-element elementor-element-484299a qodef-elementor-content-grid elementor-section-boxed elementor-section-height-default elementor-section-height-default\" data-id=\"484299a\" data-element_type=\"section\">\n\t\t\t\t\t\t<div class=\"elementor-container elementor-column-gap-default\">\n\t\t\t\t\t<div class=\"elementor-column elementor-col-50 elementor-top-column elementor-element elementor-element-f611617\" data-id=\"f611617\" data-element_type=\"column\">\n\t\t\t<div class=\"elementor-widget-wrap elementor-element-populated\">\n\t\t\t\t\t\t<div class=\"elementor-element elementor-element-00da3fb elementor-widget elementor-widget-image\" data-id=\"00da3fb\" data-element_type=\"widget\" data-widget_type=\"image.default\">\n\t\t\t\t\t\t\t\t\t\t\t\t\t\t\t<img decoding=\"async\" width=\"800\" height=\"800\" src=\"https:\/\/shseya.com\/wp-content\/uploads\/2020\/02\/About-us-2.jpg\" class=\"attachment-full size-full wp-image-234\" alt=\"s\" srcset=\"https:\/\/shseya.com\/wp-content\/uploads\/2020\/02\/About-us-2.jpg 800w, https:\/\/shseya.com\/wp-content\/uploads\/2020\/02\/About-us-2-300x300.jpg 300w, https:\/\/shseya.com\/wp-content\/uploads\/2020\/02\/About-us-2-150x150.jpg 150w, https:\/\/shseya.com\/wp-content\/uploads\/2020\/02\/About-us-2-768x768.jpg 768w, https:\/\/shseya.com\/wp-content\/uploads\/2020\/02\/About-us-2-650x650.jpg 650w\" sizes=\"(max-width: 800px) 100vw, 800px\" \/>\t\t\t\t\t\t\t\t\t\t\t\t\t\t\t<\/div>\n\t\t\t\t\t<\/div>\n\t\t<\/div>\n\t\t\t\t<div class=\"elementor-column elementor-col-50 elementor-top-column elementor-element elementor-element-28ba900\" data-id=\"28ba900\" data-element_type=\"column\">\n\t\t\t<div class=\"elementor-widget-wrap elementor-element-populated\">\n\t\t\t\t\t\t<div class=\"elementor-element elementor-element-785b8e3 elementor-widget elementor-widget-touchup_core_section_title\" data-id=\"785b8e3\" data-element_type=\"widget\" data-widget_type=\"touchup_core_section_title.default\">\n\t\t\t\t<div class=\"elementor-widget-container\">\n\t\t\t\t\t<div class=\"qodef-shortcode qodef-m qodef-section-title qodef-alignment--left\">\n\t\t<h3 class=\"qodef-m-title\" >\n\t\t\t\t\tProjetos Signature PART03\t\t\t<\/h3>\n\t<\/div>\t\t\t\t<\/div>\n\t\t\t\t<\/div>\n\t\t\t\t<div class=\"elementor-element elementor-element-25ff441 elementor-widget elementor-widget-text-editor\" data-id=\"25ff441\" data-element_type=\"widget\" data-widget_type=\"text-editor.default\">\n\t\t\t\t\t\t\t\t\t<p class=\"my-2 [&amp;+p]:mt-4 [&amp;_strong:has(+br)]:inline-block [&amp;_strong:has(+br)]:pb-2\">A Shengya Medical Beauty adere a uma dire\u00e7\u00e3o de desenvolvimento focada em \"cirurgia cranio-maxilofacial como prioridade e cirurgia pl\u00e1stica de \u00f3rg\u00e3os de cinco sentidos como o n\u00facleo\". Atualmente, ela oferece projetos exclusivos, como cirurgia pl\u00e1stica de contorno facial, rinoplastia e revis\u00e3o, oculoplastia e revis\u00e3o, cirurgia pl\u00e1stica de mama e revis\u00e3o, e controle de gordura.<\/p><p class=\"my-2 [&amp;+p]:mt-4 [&amp;_strong:has(+br)]:inline-block [&amp;_strong:has(+br)]:pb-2\">Tamb\u00e9m pode realizar projetos cir\u00fargicos de alta dificuldade, incluindo cantoplastia medial com envolt\u00f3rio, corre\u00e7\u00e3o de ptose severa da p\u00e1lpebra superior, procedimentos endosc\u00f3picos, aumento din\u00e2mico e indolor dos seios, levantamento minimamente invasivo de micro-lifting e t\u00e9cnicas de suspens\u00e3o fascial.<\/p>\t\t\t\t\t\t\t\t<\/div>\n\t\t\t\t\t<\/div>\n\t\t<\/div>\n\t\t\t\t\t<\/div>\n\t\t<\/section>\n\t\t\t\t<section class=\"elementor-section elementor-top-section elementor-element elementor-element-2357fce qodef-elementor-content-grid elementor-section-boxed elementor-section-height-default elementor-section-height-default\" data-id=\"2357fce\" data-element_type=\"section\" data-settings=\"{&quot;background_background&quot;:&quot;classic&quot;}\">\n\t\t\t\t\t\t<div class=\"elementor-container elementor-column-gap-default\">\n\t\t\t\t\t<div class=\"elementor-column elementor-col-100 elementor-top-column elementor-element elementor-element-e1d430b\" data-id=\"e1d430b\" data-element_type=\"column\">\n\t\t\t<div class=\"elementor-widget-wrap elementor-element-populated\">\n\t\t\t\t\t\t<div class=\"elementor-element elementor-element-d3246a2 elementor-widget__width-auto elementor-widget elementor-widget-touchup_core_section_title\" data-id=\"d3246a2\" data-element_type=\"widget\" data-widget_type=\"touchup_core_section_title.default\">\n\t\t\t\t<div class=\"elementor-widget-container\">\n\t\t\t\t\t<div class=\"qodef-shortcode qodef-m qodef-section-title qodef-alignment--center\">\n\t\t<h1 class=\"qodef-m-title\" >\n\t\t\t\t\tEst\u00e9tica e corretiva\t\t\t<\/h1>\n\t\t<p class=\"qodef-m-text\" >Lorem ipsum dolor sit amet, consectetur adipisicing elit sed do eiusmod tempor incididunt<\/p>\n<\/div>\t\t\t\t<\/div>\n\t\t\t\t<\/div>\n\t\t\t\t\t<\/div>\n\t\t<\/div>\n\t\t\t\t\t<\/div>\n\t\t<\/section>\n\t\t\t\t<section class=\"elementor-section elementor-top-section elementor-element elementor-element-7667615 qodef-elementor-content-grid elementor-section-boxed elementor-section-height-default elementor-section-height-default\" data-id=\"7667615\" data-element_type=\"section\" data-settings=\"{&quot;background_background&quot;:&quot;classic&quot;}\">\n\t\t\t\t\t\t<div class=\"elementor-container elementor-column-gap-default\">\n\t\t\t\t\t<div class=\"elementor-column elementor-col-50 elementor-top-column elementor-element elementor-element-78f51c8\" data-id=\"78f51c8\" data-element_type=\"column\">\n\t\t\t<div class=\"elementor-widget-wrap elementor-element-populated\">\n\t\t\t\t\t\t<div class=\"elementor-element elementor-element-9ed5684 elementor-widget elementor-widget-touchup_core_video_button\" data-id=\"9ed5684\" data-element_type=\"widget\" data-widget_type=\"touchup_core_video_button.default\">\n\t\t\t\t<div class=\"elementor-widget-container\">\n\t\t\t\t\t<div class=\"qodef-shortcode qodef-m qodef-video-button\">\n\t<div class=\"qodef-m-image\">\n\t<img decoding=\"async\" width=\"800\" height=\"376\" src=\"https:\/\/shseya.com\/wp-content\/uploads\/2020\/02\/About-us-3.jpg\" class=\"attachment-full size-full\" alt=\"s\" srcset=\"https:\/\/shseya.com\/wp-content\/uploads\/2020\/02\/About-us-3.jpg 800w, https:\/\/shseya.com\/wp-content\/uploads\/2020\/02\/About-us-3-300x141.jpg 300w, https:\/\/shseya.com\/wp-content\/uploads\/2020\/02\/About-us-3-768x361.jpg 768w\" sizes=\"(max-width: 800px) 100vw, 800px\" \/><\/div>\t\t<a itemprop=\"url\" class=\"qodef-m-play qodef-magnific-popup qodef-popup-item\" style=\"color: #FFFFFF;font-size: 50px\" href=\"https:\/\/vimeo.com\/256084292\" data-type=\"iframe\">\n\t\t<span class=\"qodef-m-play-inner\">\n\t\t\t<span class=\"qodef-icon-linea-icons icon-music-play-button\" ><\/span>\t\t<\/span>\n\t<\/a>\n\n<\/div>\t\t\t\t<\/div>\n\t\t\t\t<\/div>\n\t\t\t\t\t<\/div>\n\t\t<\/div>\n\t\t\t\t<div class=\"elementor-column elementor-col-50 elementor-top-column elementor-element elementor-element-c52a899\" data-id=\"c52a899\" data-element_type=\"column\">\n\t\t\t<div class=\"elementor-widget-wrap elementor-element-populated\">\n\t\t\t\t\t\t<div class=\"elementor-element elementor-element-9a3b7ae elementor-widget elementor-widget-touchup_core_video_button\" data-id=\"9a3b7ae\" data-element_type=\"widget\" data-widget_type=\"touchup_core_video_button.default\">\n\t\t\t\t<div class=\"elementor-widget-container\">\n\t\t\t\t\t<div class=\"qodef-shortcode qodef-m qodef-video-button\">\n\t<div class=\"qodef-m-image\">\n\t<img loading=\"lazy\" decoding=\"async\" width=\"800\" height=\"380\" src=\"https:\/\/shseya.com\/wp-content\/uploads\/2020\/02\/About-us-4.jpg\" class=\"attachment-full size-full\" alt=\"s\" srcset=\"https:\/\/shseya.com\/wp-content\/uploads\/2020\/02\/About-us-4.jpg 800w, https:\/\/shseya.com\/wp-content\/uploads\/2020\/02\/About-us-4-300x143.jpg 300w, https:\/\/shseya.com\/wp-content\/uploads\/2020\/02\/About-us-4-768x365.jpg 768w, https:\/\/shseya.com\/wp-content\/uploads\/2020\/02\/About-us-4-630x300.jpg 630w\" sizes=\"(max-width: 800px) 100vw, 800px\" \/><\/div>\t\t<a itemprop=\"url\" class=\"qodef-m-play qodef-magnific-popup qodef-popup-item\" style=\"color: #FFFFFF;font-size: 50px\" href=\"https:\/\/vimeo.com\/372376958\" data-type=\"iframe\">\n\t\t<span class=\"qodef-m-play-inner\">\n\t\t\t<span class=\"qodef-icon-linea-icons icon-music-play-button\" ><\/span>\t\t<\/span>\n\t<\/a>\n\n<\/div>\t\t\t\t<\/div>\n\t\t\t\t<\/div>\n\t\t\t\t\t<\/div>\n\t\t<\/div>\n\t\t\t\t\t<\/div>\n\t\t<\/section>\n\t\t\t\t<section class=\"elementor-section elementor-top-section elementor-element elementor-element-a7bf798 qodef-elementor-content-grid elementor-section-boxed elementor-section-height-default elementor-section-height-default\" data-id=\"a7bf798\" data-element_type=\"section\" data-settings=\"{&quot;background_background&quot;:&quot;classic&quot;}\">\n\t\t\t\t\t\t<div class=\"elementor-container elementor-column-gap-default\">\n\t\t\t\t\t<div class=\"elementor-column elementor-col-50 elementor-top-column elementor-element elementor-element-5cc495b\" data-id=\"5cc495b\" data-element_type=\"column\">\n\t\t\t<div class=\"elementor-widget-wrap elementor-element-populated\">\n\t\t\t\t\t\t<div class=\"elementor-element elementor-element-a4d496b elementor-widget elementor-widget-touchup_core_video_button\" data-id=\"a4d496b\" data-element_type=\"widget\" data-widget_type=\"touchup_core_video_button.default\">\n\t\t\t\t<div class=\"elementor-widget-container\">\n\t\t\t\t\t<div class=\"qodef-shortcode qodef-m qodef-video-button\">\n\t<div class=\"qodef-m-image\">\n\t<img loading=\"lazy\" decoding=\"async\" width=\"800\" height=\"380\" src=\"https:\/\/shseya.com\/wp-content\/uploads\/2020\/02\/About-us-5.jpg\" class=\"attachment-full size-full\" alt=\"s\" srcset=\"https:\/\/shseya.com\/wp-content\/uploads\/2020\/02\/About-us-5.jpg 800w, https:\/\/shseya.com\/wp-content\/uploads\/2020\/02\/About-us-5-300x143.jpg 300w, https:\/\/shseya.com\/wp-content\/uploads\/2020\/02\/About-us-5-768x365.jpg 768w, https:\/\/shseya.com\/wp-content\/uploads\/2020\/02\/About-us-5-630x300.jpg 630w\" sizes=\"(max-width: 800px) 100vw, 800px\" \/><\/div>\t\t<a itemprop=\"url\" class=\"qodef-m-play qodef-magnific-popup qodef-popup-item\" style=\"color: #FFFFFF;font-size: 50px\" href=\"https:\/\/vimeo.com\/202631311\" data-type=\"iframe\">\n\t\t<span class=\"qodef-m-play-inner\">\n\t\t\t<span class=\"qodef-icon-linea-icons icon-music-play-button\" ><\/span>\t\t<\/span>\n\t<\/a>\n\n<\/div>\t\t\t\t<\/div>\n\t\t\t\t<\/div>\n\t\t\t\t\t<\/div>\n\t\t<\/div>\n\t\t\t\t<div class=\"elementor-column elementor-col-50 elementor-top-column elementor-element elementor-element-609e693\" data-id=\"609e693\" data-element_type=\"column\">\n\t\t\t<div class=\"elementor-widget-wrap elementor-element-populated\">\n\t\t\t\t\t\t<div class=\"elementor-element elementor-element-74f5ed6 elementor-widget elementor-widget-touchup_core_video_button\" data-id=\"74f5ed6\" data-element_type=\"widget\" data-widget_type=\"touchup_core_video_button.default\">\n\t\t\t\t<div class=\"elementor-widget-container\">\n\t\t\t\t\t<div class=\"qodef-shortcode qodef-m qodef-video-button\">\n\t<div class=\"qodef-m-image\">\n\t<img loading=\"lazy\" decoding=\"async\" width=\"800\" height=\"380\" src=\"https:\/\/shseya.com\/wp-content\/uploads\/2020\/02\/About-us-6.jpg\" class=\"attachment-full size-full\" alt=\"s\" srcset=\"https:\/\/shseya.com\/wp-content\/uploads\/2020\/02\/About-us-6.jpg 800w, https:\/\/shseya.com\/wp-content\/uploads\/2020\/02\/About-us-6-300x143.jpg 300w, https:\/\/shseya.com\/wp-content\/uploads\/2020\/02\/About-us-6-768x365.jpg 768w, https:\/\/shseya.com\/wp-content\/uploads\/2020\/02\/About-us-6-630x300.jpg 630w\" sizes=\"(max-width: 800px) 100vw, 800px\" \/><\/div>\t\t<a itemprop=\"url\" class=\"qodef-m-play qodef-magnific-popup qodef-popup-item\" style=\"color: #FFFFFF;font-size: 50px\" href=\"https:\/\/vimeo.com\/182191385\" data-type=\"iframe\">\n\t\t<span class=\"qodef-m-play-inner\">\n\t\t\t<span class=\"qodef-icon-linea-icons icon-music-play-button\" ><\/span>\t\t<\/span>\n\t<\/a>\n\n<\/div>\t\t\t\t<\/div>\n\t\t\t\t<\/div>\n\t\t\t\t\t<\/div>\n\t\t<\/div>\n\t\t\t\t\t<\/div>\n\t\t<\/section>\n\t\t\t\t<section class=\"elementor-section elementor-top-section elementor-element elementor-element-22bdd76 qodef-elementor-content-grid elementor-section-boxed elementor-section-height-default elementor-section-height-default\" data-id=\"22bdd76\" data-element_type=\"section\">\n\t\t\t\t\t\t<div class=\"elementor-container elementor-column-gap-default\">\n\t\t\t\t\t<div class=\"elementor-column elementor-col-100 elementor-top-column elementor-element elementor-element-d6d58ea\" data-id=\"d6d58ea\" data-element_type=\"column\">\n\t\t\t<div class=\"elementor-widget-wrap elementor-element-populated\">\n\t\t\t\t\t\t<div class=\"elementor-element elementor-element-84624cd elementor-widget elementor-widget-touchup_core_testimonials_list\" data-id=\"84624cd\" data-element_type=\"widget\" data-widget_type=\"touchup_core_testimonials_list.default\">\n\t\t\t\t<div class=\"elementor-widget-container\">\n\t\t\t\t\t<div class=\"qodef-shortcode qodef-m qodef-testimonials-list qodef-grid qodef-swiper-container qodef-gutter--normal qodef-col-num--1 qodef-item-layout--info-below qodef-responsive--predefined\" data-options=\"{&quot;slidesPerView&quot;:&quot;1&quot;,&quot;spaceBetween&quot;:15,&quot;loop&quot;:true,&quot;autoplay&quot;:true,&quot;speed&quot;:&quot;&quot;,&quot;speedAnimation&quot;:&quot;&quot;,&quot;unique&quot;:4682,&quot;outsideNavigation&quot;:&quot;yes&quot;}\">\n\t<div class=\"qodef-testemonials-background\">\n\t\t<img loading=\"lazy\" decoding=\"async\" width=\"800\" height=\"251\" src=\"https:\/\/shseya.com\/wp-content\/uploads\/2020\/02\/About-us-8.png\" class=\"attachment-full size-full\" alt=\"s\" srcset=\"https:\/\/shseya.com\/wp-content\/uploads\/2020\/02\/About-us-8.png 800w, https:\/\/shseya.com\/wp-content\/uploads\/2020\/02\/About-us-8-300x94.png 300w, https:\/\/shseya.com\/wp-content\/uploads\/2020\/02\/About-us-8-768x241.png 768w\" sizes=\"(max-width: 800px) 100vw, 800px\" \/>\t<\/div>\n\t<div class=\"swiper-wrapper\">\n\t\t<div class=\"qodef-e swiper-slide\">\n\t<div class=\"qodef-e-inner\">\n\t\t\t<div class=\"qodef-e-media-image\">\n\t\t<div class=\"qodef-e-image-element\">\n\t\t\t<img loading=\"lazy\" decoding=\"async\" width=\"300\" height=\"300\" src=\"https:\/\/shseya.com\/wp-content\/uploads\/2020\/02\/Author-1-1.png\" class=\"attachment-140 size-140 wp-post-image\" alt=\"s\" srcset=\"https:\/\/shseya.com\/wp-content\/uploads\/2020\/02\/Author-1-1.png 300w, https:\/\/shseya.com\/wp-content\/uploads\/2020\/02\/Author-1-1-150x150.png 150w\" sizes=\"(max-width: 300px) 100vw, 300px\" \/>\t\t\t<span class=\"qodef-author-info-image-mark icon_like\"><\/span>\n\t\t<\/div>\n\t<\/div>\n\t\t<div class=\"qodef-e-content\">\n\t\t\t\t<div itemprop=\"description\" class=\"qodef-e-text\">\n\t\t\"Lorem ipsum dolor sit amet, consectetur adipisicing elit, sed do eiusmod tempor incididunt ut labore et dolore magna aliqua. Ut enim ad minim veniam.\" \t<\/div>\n\t\t\t\t<h5 itemprop=\"name\" class=\"qodef-e-title entry-title\" >\n\t\tDra. Lea Komony\t<\/h5>\n\t\t\t<div class=\"qodef-e-author\">\n\t<span class=\"qodef-e-author-name\">\n\t\tDra. Lea Komony\t<\/span>\n\t<span class=\"qodef-e-author-job\">\n\t\tCirurgi\u00e3o pl\u00e1stico certificado \t<\/span>\n<\/div>\n\t\t<\/div>\n\t<\/div>\n<\/div><div class=\"qodef-e swiper-slide\">\n\t<div class=\"qodef-e-inner\">\n\t\t\t<div class=\"qodef-e-media-image\">\n\t\t<div class=\"qodef-e-image-element\">\n\t\t\t<img loading=\"lazy\" decoding=\"async\" width=\"300\" height=\"300\" src=\"https:\/\/shseya.com\/wp-content\/uploads\/2020\/02\/Author-2.png\" class=\"attachment-140 size-140 wp-post-image\" alt=\"s\" srcset=\"https:\/\/shseya.com\/wp-content\/uploads\/2020\/02\/Author-2.png 300w, https:\/\/shseya.com\/wp-content\/uploads\/2020\/02\/Author-2-150x150.png 150w\" sizes=\"(max-width: 300px) 100vw, 300px\" \/>\t\t\t<span class=\"qodef-author-info-image-mark icon_like\"><\/span>\n\t\t<\/div>\n\t<\/div>\n\t\t<div class=\"qodef-e-content\">\n\t\t\t\t<div itemprop=\"description\" class=\"qodef-e-text\">\n\t\t\"Lorem ipsum dolor sit amet, consectetur adipisicing elit, sed do eiusmod tempor incididunt ut labore et dolore magna aliqua. Ut enim ad minim veniam.\" \t<\/div>\n\t\t\t\t<h5 itemprop=\"name\" class=\"qodef-e-title entry-title\" >\n\t\tJoanne Doe, m\u00e9dica\t<\/h5>\n\t\t\t<div class=\"qodef-e-author\">\n\t<span class=\"qodef-e-author-name\">\n\t\tJoanne Doe, m\u00e9dica\t<\/span>\n\t<span class=\"qodef-e-author-job\">\n\t\tCirurgi\u00e3o pl\u00e1stico certificado \t<\/span>\n<\/div>\n\t\t<\/div>\n\t<\/div>\n<\/div><div class=\"qodef-e swiper-slide\">\n\t<div class=\"qodef-e-inner\">\n\t\t\t<div class=\"qodef-e-media-image\">\n\t\t<div class=\"qodef-e-image-element\">\n\t\t\t<img loading=\"lazy\" decoding=\"async\" width=\"263\" height=\"263\" src=\"https:\/\/shseya.com\/wp-content\/uploads\/2020\/02\/Author-3.png\" class=\"attachment-140 size-140 wp-post-image\" alt=\"\" srcset=\"https:\/\/shseya.com\/wp-content\/uploads\/2020\/02\/Author-3.png 263w, https:\/\/shseya.com\/wp-content\/uploads\/2020\/02\/Author-3-150x150.png 150w\" sizes=\"(max-width: 263px) 100vw, 263px\" \/>\t\t\t<span class=\"qodef-author-info-image-mark icon_like\"><\/span>\n\t\t<\/div>\n\t<\/div>\n\t\t<div class=\"qodef-e-content\">\n\t\t\t\t<div itemprop=\"description\" class=\"qodef-e-text\">\n\t\t\"Lorem ipsum dolor sit amet, consectetur adipisicing elit, sed do eiusmod tempor incididunt ut labore et dolore magna aliqua. Ut enim ad minim veniam.\" \t<\/div>\n\t\t\t\t<h5 itemprop=\"name\" class=\"qodef-e-title entry-title\" >\n\t\tJessica Fole\t<\/h5>\n\t\t\t<div class=\"qodef-e-author\">\n\t<span class=\"qodef-e-author-name\">\n\t\tJessica Fole\t<\/span>\n\t<span class=\"qodef-e-author-job\">\n\t\tFigura p\u00fablica\t<\/span>\n<\/div>\n\t\t<\/div>\n\t<\/div>\n<\/div>\t<\/div>\n\t\t\t<div class=\"swiper-pagination\"><\/div>\n\t<\/div>\n\t<div class=\"swiper-button-next swiper-button-outside swiper-button-next-4682\"><svg xmlns=\"http:\/\/www.w3.org\/2000\/svg\" xmlns:xlink=\"http:\/\/www.w3.org\/1999\/xlink\" x=\"0px\" y=\"0px\" width=\"40px\" height=\"75px\" viewbox=\"0 0 40 75\" enable-background=\"new 0 0 40 75\" xml:space=\"preserve\">\n\t\t\t\t\t<polyline fill=\"none\" stroke=\"#777777\" stroke-width=\"2\" stroke-miterlimit=\"10\" points=\"38.25,74 1.75,37.5 38.25,1 \"\/>\n\t\t\t\t<\/svg><\/div>\n\t<div class=\"swiper-button-prev swiper-button-outside swiper-button-prev-4682\"><svg xmlns=\"http:\/\/www.w3.org\/2000\/svg\" xmlns:xlink=\"http:\/\/www.w3.org\/1999\/xlink\" x=\"0px\" y=\"0px\" width=\"40px\" height=\"75px\" viewbox=\"0 0 40 75\" enable-background=\"new 0 0 40 75\" xml:space=\"preserve\">\n\t\t\t\t\t<polyline fill=\"none\" stroke=\"#777777\" stroke-width=\"2\" stroke-miterlimit=\"10\" points=\"38.25,74 1.75,37.5 38.25,1 \"\/>\n\t\t\t\t<\/svg><\/div>\n\t\t\t\t<\/div>\n\t\t\t\t<\/div>\n\t\t\t\t\t<\/div>\n\t\t<\/div>\n\t\t\t\t\t<\/div>\n\t\t<\/section>\n\t\t\t\t<\/div>","protected":false},"excerpt":{"rendered":"<p>Specialty procedures Shanghai Shengya Medical Beauty Hospital is located in Shanghai, an international metropolis with a century of cultural history, at No. 373 Panzhong Road, Qingpu District, Shanghai. The hospital, with a total investment of nearly 100 million yuan, spans over 8,000 square meters of building area and houses departments including plastic surgery, aesthetic dermatology, [&hellip;]<\/p>","protected":false},"author":1,"featured_media":0,"parent":0,"menu_order":0,"comment_status":"closed","ping_status":"closed","template":"page-full-width.php","meta":{"footnotes":""},"class_list":["post-226","page","type-page","status-publish","hentry"],"_hostinger_reach_plugin_has_subscription_block":false,"_hostinger_reach_plugin_is_elementor":false,"_links":{"self":[{"href":"https:\/\/shseya.com\/pt\/wp-json\/wp\/v2\/pages\/226","targetHints":{"allow":["GET"]}}],"collection":[{"href":"https:\/\/shseya.com\/pt\/wp-json\/wp\/v2\/pages"}],"about":[{"href":"https:\/\/shseya.com\/pt\/wp-json\/wp\/v2\/types\/page"}],"author":[{"embeddable":true,"href":"https:\/\/shseya.com\/pt\/wp-json\/wp\/v2\/users\/1"}],"replies":[{"embeddable":true,"href":"https:\/\/shseya.com\/pt\/wp-json\/wp\/v2\/comments?post=226"}],"version-history":[{"count":37,"href":"https:\/\/shseya.com\/pt\/wp-json\/wp\/v2\/pages\/226\/revisions"}],"predecessor-version":[{"id":9308,"href":"https:\/\/shseya.com\/pt\/wp-json\/wp\/v2\/pages\/226\/revisions\/9308"}],"wp:attachment":[{"href":"https:\/\/shseya.com\/pt\/wp-json\/wp\/v2\/media?parent=226"}],"curies":[{"name":"wp","href":"https:\/\/api.w.org\/{rel}","templated":true}]}}